{"id":456,"date":"2025-09-04T12:58:46","date_gmt":"2025-09-04T15:58:46","guid":{"rendered":"https:\/\/festajuninasabin.albertsabin.com.br\/?page_id=456"},"modified":"2026-04-16T11:11:54","modified_gmt":"2026-04-16T14:11:54","slug":"cardapio","status":"publish","type":"page","link":"https:\/\/festajuninasabin.albertsabin.com.br\/?page_id=456","title":{"rendered":"Card\u00e1pio"},"content":{"rendered":"\t\t<div data-elementor-type=\"wp-page\" data-elementor-id=\"456\" class=\"elementor elementor-456\" data-elementor-post-type=\"page\">\n\t\t\t\t<div class=\"elementor-element elementor-element-68c33cd e-flex e-con-boxed e-con e-parent\" data-id=\"68c33cd\" data-element_type=\"container\" data-e-type=\"container\">\n\t\t\t\t\t<div class=\"e-con-inner\">\n\t\t<div class=\"elementor-element elementor-element-7732353 e-con-full e-flex e-con e-child\" data-id=\"7732353\" data-element_type=\"container\" data-e-type=\"container\">\n\t\t\t\t<div class=\"elementor-element elementor-element-5918b02 elementor-widget elementor-widget-html\" data-id=\"5918b02\" data-element_type=\"widget\" data-e-type=\"widget\" data-widget_type=\"html.default\">\n\t\t\t\t\t<style>\n.menu {\n  list-style: none;\n  margin: 0;\n  padding: 0;\n}\n\n.menu-item {\n  display: flex;\n  align-items: baseline;\n  gap: 6px;\n  padding: 7px 0;\n}\n\n.menu-item:last-child {\n  border-bottom: none;\n}\n\n.item-nome {\n  white-space: normal;\n  word-break: break-word;\n  min-width: 0;\n  flex-shrink: 1;\n}\n\n.item-linha {\n  flex: 1;\n  border-bottom: 2px dotted #333;\n  margin-bottom: 4px;\n  min-width: 20px;\n}\n\n.item-preco {\n  font-weight: 500;\n  white-space: nowrap;\n  flex-shrink: 0;\n}\n\n@media (max-width: 480px) {\n  .menu-item {\n    font-size: 14px;\n  }\n}\n<\/style>\t\t\t\t<\/div>\n\t\t<div class=\"elementor-element elementor-element-7769371 e-con-full e-flex e-con e-child\" data-id=\"7769371\" data-element_type=\"container\" data-e-type=\"container\">\n\t\t\t\t<div class=\"elementor-element elementor-element-e618fad elementor-widget elementor-widget-heading\" data-id=\"e618fad\" data-element_type=\"widget\" data-e-type=\"widget\" data-widget_type=\"heading.default\">\n\t\t\t\t\t<h2 class=\"elementor-heading-title elementor-size-default\">Brincadeiras <br \/>R$ 12<\/h2>\t\t\t\t<\/div>\n\t\t\t\t<\/div>\n\t\t\t\t<div class=\"elementor-element elementor-element-717219c elementor-widget elementor-widget-n-accordion\" data-id=\"717219c\" data-element_type=\"widget\" data-e-type=\"widget\" data-settings=\"{&quot;default_state&quot;:&quot;expanded&quot;,&quot;max_items_expended&quot;:&quot;one&quot;,&quot;n_accordion_animation_duration&quot;:{&quot;unit&quot;:&quot;ms&quot;,&quot;size&quot;:400,&quot;sizes&quot;:[]}}\" data-widget_type=\"nested-accordion.default\">\n\t\t\t\t\t\t\t<div class=\"e-n-accordion\" aria-label=\"Accordion. Open links with Enter or Space, close with Escape, and navigate with Arrow Keys\">\n\t\t\t\t\t\t<details id=\"e-n-accordion-item-1180\" class=\"e-n-accordion-item\" open>\n\t\t\t\t<summary class=\"e-n-accordion-item-title\" data-accordion-index=\"1\" tabindex=\"0\" aria-expanded=\"true\" aria-controls=\"e-n-accordion-item-1180\" >\n\t\t\t\t\t<span class='e-n-accordion-item-title-header'><div class=\"e-n-accordion-item-title-text\"> Bebidas <\/div><\/span>\n\t\t\t\t\t\t\t<span class='e-n-accordion-item-title-icon'>\n\t\t\t<span class='e-opened' ><svg aria-hidden=\"true\" class=\"e-font-icon-svg e-fas-angle-up\" viewBox=\"0 0 320 512\" xmlns=\"http:\/\/www.w3.org\/2000\/svg\"><path d=\"M177 159.7l136 136c9.4 9.4 9.4 24.6 0 33.9l-22.6 22.6c-9.4 9.4-24.6 9.4-33.9 0L160 255.9l-96.4 96.4c-9.4 9.4-24.6 9.4-33.9 0L7 329.7c-9.4-9.4-9.4-24.6 0-33.9l136-136c9.4-9.5 24.6-9.5 34-.1z\"><\/path><\/svg><\/span>\n\t\t\t<span class='e-closed'><svg aria-hidden=\"true\" class=\"e-font-icon-svg e-fas-angle-down\" viewBox=\"0 0 320 512\" xmlns=\"http:\/\/www.w3.org\/2000\/svg\"><path d=\"M143 352.3L7 216.3c-9.4-9.4-9.4-24.6 0-33.9l22.6-22.6c9.4-9.4 24.6-9.4 33.9 0l96.4 96.4 96.4-96.4c9.4-9.4 24.6-9.4 33.9 0l22.6 22.6c9.4 9.4 9.4 24.6 0 33.9l-136 136c-9.2 9.4-24.4 9.4-33.8 0z\"><\/path><\/svg><\/span>\n\t\t<\/span>\n\n\t\t\t\t\t\t<\/summary>\n\t\t\t\t<div role=\"region\" aria-labelledby=\"e-n-accordion-item-1180\" class=\"elementor-element elementor-element-a37c084 e-con-full e-flex e-con e-child\" data-id=\"a37c084\" data-element_type=\"container\" data-e-type=\"container\">\n\t\t\t\t<div class=\"elementor-element elementor-element-c6bb2e7 elementor-widget elementor-widget-text-editor\" data-id=\"c6bb2e7\" data-element_type=\"widget\" data-e-type=\"widget\" data-widget_type=\"text-editor.default\">\n\t\t\t\t\t\t\t\t\t<ul class=\"menu\"><li class=\"menu-item\"><span class=\"item-nome\">\u00c1gua (500ml)<\/span><span class=\"item-linha\">\u00a0<\/span><span class=\"item-preco\">R$ 6,00<\/span><\/li><li class=\"menu-item\"><span class=\"item-nome\">Caf\u00e9 expresso<\/span><span class=\"item-linha\">\u00a0<\/span><span class=\"item-preco\">R$ 7,00<\/span><\/li><li class=\"menu-item\"><span class=\"item-nome\">Capuccino ou chocolate quente<\/span><span class=\"item-linha\">\u00a0<\/span><span class=\"item-preco\">R$ 10,00<\/span><\/li><li class=\"menu-item\"><span class=\"item-nome\">Refrigerante, suco ou ch\u00e1 gelado (lata)<\/span><span class=\"item-linha\">\u00a0<\/span><span class=\"item-preco\">R$ 10,00<\/span><\/li><li class=\"menu-item\"><span class=\"item-nome\">Suco de Milho (300ml)<\/span><span class=\"item-linha\">\u00a0<\/span><span class=\"item-preco\">R$ 10,00<\/span><\/li><li class=\"menu-item\"><span class=\"item-nome\">Caldo de cana e \u00e1gua de coco (300ml copo)<\/span><span class=\"item-linha\">\u00a0<\/span><span class=\"item-preco\">R$ 12,00<\/span><\/li><li class=\"menu-item\"><span class=\"item-nome\">Caldo de cana e \u00e1gua de coco (500ml copo)<\/span><span class=\"item-linha\">\u00a0<\/span><span class=\"item-preco\">R$ 13,00<\/span><\/li><li class=\"menu-item\"><span class=\"item-nome\">Caldo de cana e \u00e1gua de coco (500ml garrafa)<\/span><span class=\"item-linha\">\u00a0<\/span><span class=\"item-preco\">R$ 15,00<\/span><\/li><li class=\"menu-item\"><span class=\"item-nome\">Caldo de cana e \u00e1gua de coco (1 litro garrafa)<\/span><span class=\"item-linha\">\u00a0<\/span><span class=\"item-preco\">R$ 26,00<\/span><\/li><\/ul>\t\t\t\t\t\t\t\t<\/div>\n\t\t\t\t<\/div>\n\t\t\t\t\t<\/details>\n\t\t\t\t\t\t<details id=\"e-n-accordion-item-1181\" class=\"e-n-accordion-item\" >\n\t\t\t\t<summary class=\"e-n-accordion-item-title\" data-accordion-index=\"2\" tabindex=\"-1\" aria-expanded=\"false\" aria-controls=\"e-n-accordion-item-1181\" >\n\t\t\t\t\t<span class='e-n-accordion-item-title-header'><div class=\"e-n-accordion-item-title-text\"> Comidas <\/div><\/span>\n\t\t\t\t\t\t\t<span class='e-n-accordion-item-title-icon'>\n\t\t\t<span class='e-opened' ><svg aria-hidden=\"true\" class=\"e-font-icon-svg e-fas-angle-up\" viewBox=\"0 0 320 512\" xmlns=\"http:\/\/www.w3.org\/2000\/svg\"><path d=\"M177 159.7l136 136c9.4 9.4 9.4 24.6 0 33.9l-22.6 22.6c-9.4 9.4-24.6 9.4-33.9 0L160 255.9l-96.4 96.4c-9.4 9.4-24.6 9.4-33.9 0L7 329.7c-9.4-9.4-9.4-24.6 0-33.9l136-136c9.4-9.5 24.6-9.5 34-.1z\"><\/path><\/svg><\/span>\n\t\t\t<span class='e-closed'><svg aria-hidden=\"true\" class=\"e-font-icon-svg e-fas-angle-down\" viewBox=\"0 0 320 512\" xmlns=\"http:\/\/www.w3.org\/2000\/svg\"><path d=\"M143 352.3L7 216.3c-9.4-9.4-9.4-24.6 0-33.9l22.6-22.6c9.4-9.4 24.6-9.4 33.9 0l96.4 96.4 96.4-96.4c9.4-9.4 24.6-9.4 33.9 0l22.6 22.6c9.4 9.4 9.4 24.6 0 33.9l-136 136c-9.2 9.4-24.4 9.4-33.8 0z\"><\/path><\/svg><\/span>\n\t\t<\/span>\n\n\t\t\t\t\t\t<\/summary>\n\t\t\t\t<div role=\"region\" aria-labelledby=\"e-n-accordion-item-1181\" class=\"elementor-element elementor-element-4dc9d0b e-con-full e-flex e-con e-child\" data-id=\"4dc9d0b\" data-element_type=\"container\" data-e-type=\"container\">\n\t\t\t\t<div class=\"elementor-element elementor-element-33c9e7c elementor-widget elementor-widget-text-editor\" data-id=\"33c9e7c\" data-element_type=\"widget\" data-e-type=\"widget\" data-widget_type=\"text-editor.default\">\n\t\t\t\t\t\t\t\t\t<ul class=\"menu\">\n \t<li class=\"menu-item\"><span class=\"item-nome\">Pastel &#8211; Carne, Queijo, Pizza, Palmito e Calabresa com queijo<\/span><span class=\"item-linha\">\u00a0<\/span><span class=\"item-preco\">R$ 14,00<\/span><\/li>\n \t<li class=\"menu-item\"><span class=\"item-nome\">Bolo de milho em palha de chocolate<\/span><span class=\"item-linha\">\u00a0<\/span><span class=\"item-preco\">R$ 8,00<\/span><\/li>\n \t<li class=\"menu-item\"><span class=\"item-nome\">Bolo de pote (chocolate, ninho com uva e morango)<\/span><span class=\"item-linha\">\u00a0<\/span><span class=\"item-preco\">R$ 15,00<\/span><\/li>\n \t<li class=\"menu-item\"><span class=\"item-nome\">Cocada de colher<\/span><span class=\"item-linha\">\u00a0<\/span><span class=\"item-preco\">R$ 7,00<\/span><\/li>\n \t<li class=\"menu-item\"><span class=\"item-nome\">Ma\u00e7a do amor chocolate<\/span><span class=\"item-linha\">\u00a0<\/span><span class=\"item-preco\">R$ 15,00<\/span><\/li>\n \t<li class=\"menu-item\"><span class=\"item-nome\">Ma\u00e7a do amor tradicional vermelha<\/span><span class=\"item-linha\">\u00a0<\/span><span class=\"item-preco\">R$ 14,00<\/span><\/li>\n \t<li class=\"menu-item\"><span class=\"item-nome\">Pa\u00e7oca de colher<\/span><span class=\"item-linha\">\u00a0<\/span><span class=\"item-preco\">R$ 7,00<\/span><\/li>\n \t<li class=\"menu-item\"><span class=\"item-nome\">P\u00e9 de moleque<\/span><span class=\"item-linha\">\u00a0<\/span><span class=\"item-preco\">R$ 3,00<\/span><\/li>\n \t<li class=\"menu-item\"><span class=\"item-nome\">Pirulito Chocolate<\/span><span class=\"item-linha\">\u00a0<\/span><span class=\"item-preco\">R$ 8,00<\/span><\/li>\n \t<li class=\"menu-item\"><span class=\"item-nome\">Espeto de fruta com chocolate (morango, banana, ma\u00e7a e uva)<\/span><span class=\"item-linha\">\u00a0<\/span><span class=\"item-preco\">R$ 11,00<\/span><\/li>\n \t<li class=\"menu-item\"><span class=\"item-nome\">Churros Espanh\u00f3is c\/ 5 palitinhos (doce de leite e chocolate Belga)<\/span><span class=\"item-linha\">\u00a0<\/span><span class=\"item-preco\">R$ 24,00<\/span><\/li>\n \t<li class=\"menu-item\"><span class=\"item-nome\">Churros brasileiros (doce de leite, brigadeiro, leite ninho)<\/span><span class=\"item-linha\">\u00a0<\/span><span class=\"item-preco\">R$ 20,00<\/span><\/li>\n \t<li class=\"menu-item\"><span class=\"item-nome\">Churros brasileiros Nutella<\/span><span class=\"item-linha\">\u00a0<\/span><span class=\"item-preco\">R$ 22,00<\/span><\/li>\n \t<li class=\"menu-item\"><span class=\"item-nome\">Curau<\/span><span class=\"item-linha\">\u00a0<\/span><span class=\"item-preco\">R$ 10,00<\/span><\/li>\n \t<li class=\"menu-item\"><span class=\"item-nome\">Milho (prato)<\/span><span class=\"item-linha\">\u00a0<\/span><span class=\"item-preco\">R$ 12,00<\/span><\/li>\n \t<li class=\"menu-item\"><span class=\"item-nome\">Pamonha<\/span><span class=\"item-linha\">\u00a0<\/span><span class=\"item-preco\">R$ 12,00<\/span><\/li>\n \t<li class=\"menu-item\"><span class=\"item-nome\">Batata chips<\/span><span class=\"item-linha\">\u00a0<\/span><span class=\"item-preco\">R$ 13,00<\/span><\/li>\n \t<li class=\"menu-item\"><span class=\"item-nome\">Pipoca Salgada ou doce<\/span><span class=\"item-linha\">\u00a0<\/span><span class=\"item-preco\">R$ 13,00<\/span><\/li>\n \t<li class=\"menu-item\"><span class=\"item-nome\">Algod\u00e3o-doce<\/span><span class=\"item-linha\">\u00a0<\/span><span class=\"item-preco\">R$ 7,00<\/span><\/li>\n \t<li class=\"menu-item\"><span class=\"item-nome\">Hot Dog Cl\u00e1ssico<\/span><span class=\"item-linha\">\u00a0<\/span><span class=\"item-preco\">R$ 25,00<\/span><\/li>\n \t<li class=\"menu-item\"><span class=\"item-nome\">Hot Dog Cl\u00e1ssico &#8211; Com duas salsichas<\/span><span class=\"item-linha\">\u00a0<\/span><span class=\"item-preco\">R$ 27,00<\/span><\/li>\n \t<li class=\"menu-item\"><span class=\"item-nome\">Lanche de Pernil<\/span><span class=\"item-linha\">\u00a0<\/span><span class=\"item-preco\">R$ 30,00<\/span><\/li>\n \t<li class=\"menu-item\"><span class=\"item-nome\">Por\u00e7\u00e3o de Polenta<\/span><span class=\"item-linha\">\u00a0<\/span><span class=\"item-preco\">R$ 13,00<\/span><\/li>\n \t<li class=\"menu-item\"><span class=\"item-nome\">Lanche de Mortadela<\/span><span class=\"item-linha\">\u00a0<\/span><span class=\"item-preco\">R$ 28,00<\/span><\/li>\n \t<li class=\"menu-item\"><span class=\"item-nome\">Bolinho de Bacalhau<\/span><span class=\"item-linha\">\u00a0<\/span><span class=\"item-preco\">R$ 17,00<\/span><\/li>\n \t<li class=\"menu-item\"><span class=\"item-nome\">Pizza &#8211; Mu\u00e7arela, Calabresa, Marguerita<\/span><span class=\"item-linha\">\u00a0<\/span><span class=\"item-preco\">R$ 14,00<\/span><\/li>\n \t<li class=\"menu-item\"><span class=\"item-nome\">Churrasco &#8211; Carne, Frango, Lingui\u00e7a<\/span><span class=\"item-linha\">\u00a0<\/span><span class=\"item-preco\">R$ 16,00<\/span><\/li>\n \t<li class=\"menu-item\"><span class=\"item-nome\">Queijo Coalho<\/span><span class=\"item-linha\">\u00a0<\/span><span class=\"item-preco\">R$ 16,00<\/span><\/li>\n \t<li class=\"menu-item\"><span class=\"item-nome\">Brigadeiro Avulso 25g.<\/span><span class=\"item-linha\">\u00a0<\/span><span class=\"item-preco\">R$ 7,00<\/span><\/li>\n \t<li class=\"menu-item\"><span class=\"item-nome\">Brigadeiros &#8211; Caixa com 4<\/span><span class=\"item-linha\">\u00a0<\/span><span class=\"item-preco\">R$ 26,00<\/span><\/li>\n \t<li class=\"menu-item\"><span class=\"item-nome\">Brigadeiros &#8211; Caixa com 6<\/span><span class=\"item-linha\">\u00a0<\/span><span class=\"item-preco\">R$ 39,00<\/span><\/li>\n \t<li class=\"menu-item\"><span class=\"item-nome\">Brigadeiros &#8211; Caixa com 12<\/span><span class=\"item-linha\">\u00a0<\/span><span class=\"item-preco\">R$ 78,00<\/span><\/li>\n \t<li class=\"menu-item\"><span class=\"item-nome\">Coxinha de morango com brigadeiro<\/span><span class=\"item-linha\">\u00a0<\/span><span class=\"item-preco\">R$ 14,00<\/span><\/li>\n \t<li class=\"menu-item\"><span class=\"item-nome\">Palha Italiana<\/span><span class=\"item-linha\">\u00a0<\/span><span class=\"item-preco\">R$ 11,00<\/span><\/li>\n \t<li class=\"menu-item\"><span class=\"item-nome\">P\u00e3o de Mel<\/span><span class=\"item-linha\">\u00a0<\/span><span class=\"item-preco\">R$ 11,00<\/span><\/li>\n \t<li class=\"menu-item\"><span class=\"item-nome\">Brigadeiro de colher potinhos 45g.<\/span><span class=\"item-linha\">\u00a0<\/span><span class=\"item-preco\">R$ 13,00<\/span><\/li>\n \t<li class=\"menu-item\"><span class=\"item-nome\">Pop It Chocolate \/ M&amp;M<\/span><span class=\"item-linha\">\u00a0<\/span><span class=\"item-preco\">R$ 20,00<\/span><\/li>\n \t<li class=\"menu-item\"><span class=\"item-nome\">Banoffe em potes 180g.<\/span><span class=\"item-linha\">\u00a0<\/span><span class=\"item-preco\">R$ 22,00<\/span><\/li>\n \t<li class=\"menu-item\"><span class=\"item-nome\">Crepe Franc\u00eas doce de leite ou Duo<\/span><span class=\"item-linha\">\u00a0<\/span><span class=\"item-preco\">R$ 22,00<\/span><\/li>\n \t<li class=\"menu-item\"><span class=\"item-nome\">Crepe Franc\u00eas Nutella<\/span><span class=\"item-linha\">\u00a0<\/span><span class=\"item-preco\">R$ 26,00<\/span><\/li>\n \t<li class=\"menu-item\"><span class=\"item-nome\">Crepe Franc\u00eas Salgado<\/span><span class=\"item-linha\">\u00a0<\/span><span class=\"item-preco\">R$ 26,00<\/span><\/li>\n \t<li class=\"menu-item\"><span class=\"item-nome\">Arais Carne<\/span><span class=\"item-linha\">\u00a0<\/span><span class=\"item-preco\">R$ 25,00<\/span><\/li>\n \t<li class=\"menu-item\"><span class=\"item-nome\">Arais com Queijo<\/span><span class=\"item-linha\">\u00a0<\/span><span class=\"item-preco\">R$ 25,00<\/span><\/li>\n \t<li class=\"menu-item\"><span class=\"item-nome\">Arais Carne com Queijo<\/span><span class=\"item-linha\">\u00a0<\/span><span class=\"item-preco\">R$ 28,00<\/span><\/li>\n \t<li class=\"menu-item\"><span class=\"item-nome\">Arais de Zatar<\/span><span class=\"item-linha\">\u00a0<\/span><span class=\"item-preco\">R$ 25,00<\/span><\/li>\n \t<li class=\"menu-item\"><span class=\"item-nome\">Sandu\u00edche de polvo grelhado com p\u00e1prica, r\u00facula e chimichurri<\/span><span class=\"item-linha\">\u00a0<\/span><span class=\"item-preco\">R$ 49,00<\/span><\/li>\n \t<li class=\"menu-item\"><span class=\"item-nome\">Paela de frutos do mar<\/span><span class=\"item-linha\">\u00a0<\/span><span class=\"item-preco\">R$ 55,00<\/span><\/li>\n \t<li class=\"menu-item\"><span class=\"item-nome\">Hamb\u00farguer<\/span><span class=\"item-linha\">\u00a0<\/span><span class=\"item-preco\">R$ 21,00<\/span><\/li>\n \t<li class=\"menu-item\"><span class=\"item-nome\">X-B\u00farguer<\/span><span class=\"item-linha\">\u00a0<\/span><span class=\"item-preco\">R$ 25,00<\/span><\/li>\n \t<li class=\"menu-item\"><span class=\"item-nome\">X-Salada<\/span><span class=\"item-linha\">\u00a0<\/span><span class=\"item-preco\">R$ 26,00<\/span><\/li>\n \t<li class=\"menu-item\"><span class=\"item-nome\">X-Quintal &#8211; \u00e0 moda da casa<\/span><span class=\"item-linha\">\u00a0<\/span><span class=\"item-preco\">R$ 27,00<\/span><\/li>\n \t<li class=\"menu-item\"><span class=\"item-nome\">Algod\u00e3o-doce &#8211; M\u00e9dio<\/span><span class=\"item-linha\">\u00a0<\/span><span class=\"item-preco\">R$ 18,00<\/span><\/li>\n \t<li class=\"menu-item\"><span class=\"item-nome\">Algod\u00e3o-doce &#8211; Pequeno<\/span><span class=\"item-linha\">\u00a0<\/span><span class=\"item-preco\">R$ 15,00<\/span><\/li>\n \t<li class=\"menu-item\"><span class=\"item-nome\">Algod\u00e3o-doce &#8211; Pote de 1Lt<\/span><span class=\"item-linha\">\u00a0<\/span><span class=\"item-preco\">R$ 16,00<\/span><\/li>\n \t<li class=\"menu-item\"><span class=\"item-nome\">Mini Pain au chocolate<\/span><span class=\"item-linha\">\u00a0<\/span><span class=\"item-preco\">R$ 8,95<\/span><\/li>\n \t<li class=\"menu-item\"><span class=\"item-nome\">Arroz doce cremoso 150gr.<\/span><span class=\"item-linha\">\u00a0<\/span><span class=\"item-preco\">R$ 15,00<\/span><\/li>\n \t<li class=\"menu-item\"><span class=\"item-nome\">Canjica cremosa 150gr.<\/span><span class=\"item-linha\">\u00a0<\/span><span class=\"item-preco\">R$ 12,90<\/span><\/li>\n \t<li class=\"menu-item\"><span class=\"item-nome\">Cookie de nutella<\/span><span class=\"item-linha\">\u00a0<\/span><span class=\"item-preco\">R$ 14,00<\/span><\/li>\n \t<li class=\"menu-item\"><span class=\"item-nome\">Bolo Gelado de doce de leite com coco<\/span><span class=\"item-linha\">\u00a0<\/span><span class=\"item-preco\">R$ 12,90<\/span><\/li>\n \t<li class=\"menu-item\"><span class=\"item-nome\">Bolo Gelado de amendoim<\/span><span class=\"item-linha\">\u00a0<\/span><span class=\"item-preco\">R$ 14,90<\/span><\/li> \t<li class=\"menu-item\"><span class=\"item-nome\">Sopas<\/span><span class=\"item-linha\">\u00a0<\/span><span class=\"item-preco\">R$ 14,00<\/span><\/li>\n<\/ul>\t\t\t\t\t\t\t\t<\/div>\n\t\t\t\t<\/div>\n\t\t\t\t\t<\/details>\n\t\t\t\t\t<\/div>\n\t\t\t\t\t<script type=\"application\/ld+json\">{\"@context\":\"https:\\\/\\\/schema.org\",\"@type\":\"FAQPage\",\"mainEntity\":[{\"@type\":\"Question\",\"name\":\"Bebidas\",\"acceptedAnswer\":{\"@type\":\"Answer\",\"text\":\"\\u00c1gua (500ml)\\u00a0R$ 6,00Caf\\u00e9 expresso\\u00a0R$ 7,00Capuccino ou chocolate quente\\u00a0R$ 10,00Refrigerante, suco ou ch\\u00e1 gelado (lata)\\u00a0R$ 10,00Suco de Milho (300ml)\\u00a0R$ 10,00Caldo de cana e \\u00e1gua de coco (300ml copo)\\u00a0R$ 12,00Caldo de cana e \\u00e1gua de coco (500ml copo)\\u00a0R$ 13,00Caldo de cana e \\u00e1gua de coco (500ml garrafa)\\u00a0R$ 15,00Caldo de cana e \\u00e1gua de coco (1 litro garrafa)\\u00a0R$ 26,00\"}},{\"@type\":\"Question\",\"name\":\"Comidas\",\"acceptedAnswer\":{\"@type\":\"Answer\",\"text\":\"Pastel &#8211; Carne, Queijo, Pizza, Palmito e Calabresa com queijo\\u00a0R$ 14,00\\n \\tBolo de milho em palha de chocolate\\u00a0R$ 8,00\\n \\tBolo de pote (chocolate, ninho com uva e morango)\\u00a0R$ 15,00\\n \\tCocada de colher\\u00a0R$ 7,00\\n \\tMa\\u00e7a do amor chocolate\\u00a0R$ 15,00\\n \\tMa\\u00e7a do amor tradicional vermelha\\u00a0R$ 14,00\\n \\tPa\\u00e7oca de colher\\u00a0R$ 7,00\\n \\tP\\u00e9 de moleque\\u00a0R$ 3,00\\n \\tPirulito Chocolate\\u00a0R$ 8,00\\n \\tEspeto de fruta com chocolate (morango, banana, ma\\u00e7a e uva)\\u00a0R$ 11,00\\n \\tChurros Espanh\\u00f3is c\\\/ 5 palitinhos (doce de leite e chocolate Belga)\\u00a0R$ 24,00\\n \\tChurros brasileiros (doce de leite, brigadeiro, leite ninho)\\u00a0R$ 20,00\\n \\tChurros brasileiros Nutella\\u00a0R$ 22,00\\n \\tCurau\\u00a0R$ 10,00\\n \\tMilho (prato)\\u00a0R$ 12,00\\n \\tPamonha\\u00a0R$ 12,00\\n \\tBatata chips\\u00a0R$ 13,00\\n \\tPipoca Salgada ou doce\\u00a0R$ 13,00\\n \\tAlgod\\u00e3o-doce\\u00a0R$ 7,00\\n \\tHot Dog Cl\\u00e1ssico\\u00a0R$ 25,00\\n \\tHot Dog Cl\\u00e1ssico &#8211; Com duas salsichas\\u00a0R$ 27,00\\n \\tLanche de Pernil\\u00a0R$ 30,00\\n \\tPor\\u00e7\\u00e3o de Polenta\\u00a0R$ 13,00\\n \\tLanche de Mortadela\\u00a0R$ 28,00\\n \\tBolinho de Bacalhau\\u00a0R$ 17,00\\n \\tPizza &#8211; Mu\\u00e7arela, Calabresa, Marguerita\\u00a0R$ 14,00\\n \\tChurrasco &#8211; Carne, Frango, Lingui\\u00e7a\\u00a0R$ 16,00\\n \\tQueijo Coalho\\u00a0R$ 16,00\\n \\tBrigadeiro Avulso 25g.\\u00a0R$ 7,00\\n \\tBrigadeiros &#8211; Caixa com 4\\u00a0R$ 26,00\\n \\tBrigadeiros &#8211; Caixa com 6\\u00a0R$ 39,00\\n \\tBrigadeiros &#8211; Caixa com 12\\u00a0R$ 78,00\\n \\tCoxinha de morango com brigadeiro\\u00a0R$ 14,00\\n \\tPalha Italiana\\u00a0R$ 11,00\\n \\tP\\u00e3o de Mel\\u00a0R$ 11,00\\n \\tBrigadeiro de colher potinhos 45g.\\u00a0R$ 13,00\\n \\tPop It Chocolate \\\/ M&amp;M\\u00a0R$ 20,00\\n \\tBanoffe em potes 180g.\\u00a0R$ 22,00\\n \\tCrepe Franc\\u00eas doce de leite ou Duo\\u00a0R$ 22,00\\n \\tCrepe Franc\\u00eas Nutella\\u00a0R$ 26,00\\n \\tCrepe Franc\\u00eas Salgado\\u00a0R$ 26,00\\n \\tArais Carne\\u00a0R$ 25,00\\n \\tArais com Queijo\\u00a0R$ 25,00\\n \\tArais Carne com Queijo\\u00a0R$ 28,00\\n \\tArais de Zatar\\u00a0R$ 25,00\\n \\tSandu\\u00edche de polvo grelhado com p\\u00e1prica, r\\u00facula e chimichurri\\u00a0R$ 49,00\\n \\tPaela de frutos do mar\\u00a0R$ 55,00\\n \\tHamb\\u00farguer\\u00a0R$ 21,00\\n \\tX-B\\u00farguer\\u00a0R$ 25,00\\n \\tX-Salada\\u00a0R$ 26,00\\n \\tX-Quintal &#8211; \\u00e0 moda da casa\\u00a0R$ 27,00\\n \\tAlgod\\u00e3o-doce &#8211; M\\u00e9dio\\u00a0R$ 18,00\\n \\tAlgod\\u00e3o-doce &#8211; Pequeno\\u00a0R$ 15,00\\n \\tAlgod\\u00e3o-doce &#8211; Pote de 1Lt\\u00a0R$ 16,00\\n \\tMini Pain au chocolate\\u00a0R$ 8,95\\n \\tArroz doce cremoso 150gr.\\u00a0R$ 15,00\\n \\tCanjica cremosa 150gr.\\u00a0R$ 12,90\\n \\tCookie de nutella\\u00a0R$ 14,00\\n \\tBolo Gelado de doce de leite com coco\\u00a0R$ 12,90\\n \\tBolo Gelado de amendoim\\u00a0R$ 14,90 \\tSopas\\u00a0R$ 14,00\"}}]}<\/script>\n\t\t\t\t\t\t\t<\/div>\n\t\t\t\t<\/div>\n\t\t\t\t\t<\/div>\n\t\t\t\t<\/div>\n\t\t<div class=\"elementor-element elementor-element-9d961f0 e-flex e-con-boxed e-con e-parent\" data-id=\"9d961f0\" data-element_type=\"container\" data-e-type=\"container\">\n\t\t\t\t\t<div class=\"e-con-inner\">\n\t\t\t\t<div class=\"elementor-element elementor-element-fcaada3 elementor-widget elementor-widget-image\" data-id=\"fcaada3\" data-element_type=\"widget\" data-e-type=\"widget\" data-widget_type=\"image.default\">\n\t\t\t\t\t\t\t\t\t\t\t\t\t\t\t<img loading=\"lazy\" decoding=\"async\" width=\"800\" height=\"545\" src=\"https:\/\/festajuninasabin.albertsabin.com.br\/wp-content\/uploads\/2025\/09\/ezgif-com-gif-maker-1.gif\" class=\"attachment-full size-full wp-image-180\" alt=\"\" \/>\t\t\t\t\t\t\t\t\t\t\t\t\t\t\t<\/div>\n\t\t\t\t\t<\/div>\n\t\t\t\t<\/div>\n\t\t\t\t<\/div>\n\t\t","protected":false},"excerpt":{"rendered":"<p>Brincadeiras R$ 12 Bebidas \u00c1gua (500ml)\u00a0R$ 6,00 Caf\u00e9 expresso\u00a0R$ 7,00 Capuccino ou chocolate quente\u00a0R$ 10,00 Refrigerante, suco ou ch\u00e1 gelado (lata)\u00a0R$ 10,00 Suco de Milho (300ml)\u00a0R$ 10,00 Caldo de cana e \u00e1gua de coco (300ml copo)\u00a0R$ 12,00 Caldo de cana e \u00e1gua de coco (500ml copo)\u00a0R$ 13,00 Caldo de cana e \u00e1gua de coco (500ml [&hellip;]<\/p>\n","protected":false},"author":1,"featured_media":0,"parent":0,"menu_order":0,"comment_status":"closed","ping_status":"closed","template":"","meta":{"footnotes":""},"class_list":["post-456","page","type-page","status-publish","hentry"],"_links":{"self":[{"href":"https:\/\/festajuninasabin.albertsabin.com.br\/index.php?rest_route=\/wp\/v2\/pages\/456","targetHints":{"allow":["GET"]}}],"collection":[{"href":"https:\/\/festajuninasabin.albertsabin.com.br\/index.php?rest_route=\/wp\/v2\/pages"}],"about":[{"href":"https:\/\/festajuninasabin.albertsabin.com.br\/index.php?rest_route=\/wp\/v2\/types\/page"}],"author":[{"embeddable":true,"href":"https:\/\/festajuninasabin.albertsabin.com.br\/index.php?rest_route=\/wp\/v2\/users\/1"}],"replies":[{"embeddable":true,"href":"https:\/\/festajuninasabin.albertsabin.com.br\/index.php?rest_route=%2Fwp%2Fv2%2Fcomments&post=456"}],"version-history":[{"count":70,"href":"https:\/\/festajuninasabin.albertsabin.com.br\/index.php?rest_route=\/wp\/v2\/pages\/456\/revisions"}],"predecessor-version":[{"id":565,"href":"https:\/\/festajuninasabin.albertsabin.com.br\/index.php?rest_route=\/wp\/v2\/pages\/456\/revisions\/565"}],"wp:attachment":[{"href":"https:\/\/festajuninasabin.albertsabin.com.br\/index.php?rest_route=%2Fwp%2Fv2%2Fmedia&parent=456"}],"curies":[{"name":"wp","href":"https:\/\/api.w.org\/{rel}","templated":true}]}}